{"id":606,"date":"2016-04-11T15:25:29","date_gmt":"2016-04-11T15:25:29","guid":{"rendered":"http:\/\/noisa.rascalsthemes.com\/light\/?page_id=2"},"modified":"2025-06-06T16:45:28","modified_gmt":"2025-06-06T14:45:28","slug":"home","status":"publish","type":"page","link":"https:\/\/azur.boc-projets.com\/","title":{"rendered":"Home &#8211; Music Agency"},"content":{"rendered":"<div class=\"wpb-content-wrapper\"><p>[vc_row full_width=\u00a0\u00bbstretch_row\u00a0\u00bb parallax=\u00a0\u00bbcontent-moving\u00a0\u00bb parallax_image=\u00a0\u00bb784&Prime; css_animation=\u00a0\u00bbnone\u00a0\u00bb css=\u00a0\u00bb.vc_custom_1749205331029{padding-top: 100px !important;padding-bottom: 100px !important;background-position: center;background-repeat: no-repeat;background-size: cover !important;}\u00a0\u00bb el_class=\u00a0\u00bbdark-bg\u00a0\u00bb][vc_column][vc_custom_heading text=\u00a0\u00bbLES PARCOURS\u00a0\u00bb font_container=\u00a0\u00bbtag:h2|font_size:50px|text_align:center|color:%23ffffff\u00a0\u00bb use_theme_fonts=\u00a0\u00bbyes\u00a0\u00bb css=\u00a0\u00bb.vc_custom_1749204723281{margin-bottom: 5px !important;}\u00a0\u00bb][vc_custom_heading text=\u00a0\u00bbD\u00e9couvrez nos parcours adapt\u00e9s \u00e0 vos envies !\u00a0\u00bb font_container=\u00a0\u00bbtag:h3|font_size:30|text_align:center|color:%23FFFFFF\u00a0\u00bb use_theme_fonts=\u00a0\u00bbyes\u00a0\u00bb css=\u00a0\u00bb.vc_custom_1749211876880{margin-bottom: 50px !important;background-color: #FFFFFF00 !important;}\u00a0\u00bb font_caps=\u00a0\u00bb\u00a0\u00bb el_class=\u00a0\u00bbsection-subheading\u00a0\u00bb]<div class=\"buttons  text-center\"><\/div>[vc_gallery type=\u00a0\u00bbimage_grid\u00a0\u00bb images=\u00a0\u00bb803,804,806&Prime; img_size=\u00a0\u00bb350&#215;220&Prime; css_animation=\u00a0\u00bbbounceInRight\u00a0\u00bb css=\u00a0\u00bb\u00a0\u00bb]<a class=\"btn btn-medium stamp-btn\" href=\"http:\/\/noisa.rascalsthemes.com\/light\/music\/\" >D\u00e9couvrir les courses<\/a>[\/vc_column][\/vc_row][vc_row full_width=\u00a0\u00bbstretch_row\u00a0\u00bb equal_height=\u00a0\u00bbyes\u00a0\u00bb content_placement=\u00a0\u00bbmiddle\u00a0\u00bb css=\u00a0\u00bb.vc_custom_1749212590359{padding-top: 50px !important;padding-bottom: 50px !important;background-color: #000000 !important;}\u00a0\u00bb el_class=\u00a0\u00bbdark-bg\u00a0\u00bb][vc_column width=\u00a0\u00bb1\/2&Prime;][vc_custom_heading text=\u00a0\u00bbNombre de participants\u00a0\u00bb font_container=\u00a0\u00bbtag:h2|font_size:50px|text_align:left|color:%23ffffff\u00a0\u00bb use_theme_fonts=\u00a0\u00bbyes\u00a0\u00bb css=\u00a0\u00bb.vc_custom_1749214449606{margin-bottom: 5px !important;}\u00a0\u00bb][vc_custom_heading text=\u00a0\u00bbDes ann\u00e9es pass\u00e9es\u00a0\u00bb font_container=\u00a0\u00bbtag:h3|font_size:30px|text_align:left|color:%23FFFFFF\u00a0\u00bb use_theme_fonts=\u00a0\u00bbyes\u00a0\u00bb css=\u00a0\u00bb\u00a0\u00bb font_weight=\u00a0\u00bbweight-400&Prime; font_caps=\u00a0\u00bb\u00a0\u00bb el_class=\u00a0\u00bbsection-subheading\u00a0\u00bb][\/vc_column][vc_column width=\u00a0\u00bb1\/2&Prime;][vc_progress_bar values=\u00a0\u00bb%5B%7B%22label%22%3A%22858%22%2C%22value%22%3A%22858%22%2C%22color%22%3A%22custom%22%2C%22customcolor%22%3A%22%2337EAFF%22%2C%22customtxtcolor%22%3A%22%23FFFFFF%22%7D%2C%7B%22label%22%3A%221015%22%2C%22value%22%3A%221015%22%2C%22color%22%3A%22custom%22%2C%22customcolor%22%3A%22%2337EAFF%22%2C%22customtxtcolor%22%3A%22%23FFFFFF%22%7D%2C%7B%22label%22%3A%221234%22%2C%22value%22%3A%221234%22%2C%22color%22%3A%22custom%22%2C%22customcolor%22%3A%22%2337EAFF%22%2C%22customtxtcolor%22%3A%22%23FFFFFF%22%7D%5D\u00a0\u00bb bgcolor=\u00a0\u00bbcustom\u00a0\u00bb custombgcolor=\u00a0\u00bb#37EAFF\u00a0\u00bb customtxtcolor=\u00a0\u00bb#FFFFFF\u00a0\u00bb options=\u00a0\u00bbanimated\u00a0\u00bb css=\u00a0\u00bb\u00a0\u00bb][\/vc_column][\/vc_row][vc_row full_width=\u00a0\u00bbstretch_row\u00a0\u00bb][vc_column css_animation=\u00a0\u00bbfadeIn\u00a0\u00bb width=\u00a0\u00bb1\/2&Prime;][vc_column_text css=\u00a0\u00bb\u00a0\u00bb]<\/p>\n<h2><\/h2>\n<h2 data-start=\"86\" data-end=\"128\"><strong data-start=\"89\" data-end=\"128\">Le Programme de la Journ\u00e9e \u00e0 Vannes<\/strong><\/h2>\n<p data-start=\"130\" data-end=\"240\">Pr\u00e9parez-vous pour une journ\u00e9e sportive et festive au c\u0153ur de Vannes, entre performance, fun et convivialit\u00e9\u202f!<\/p>\n<h3 data-start=\"242\" data-end=\"287\">10h00 \u2014 \u00c9chauffement collectif Zumba<\/h3>\n<p data-start=\"288\" data-end=\"414\">On se met en jambes en musique avec un \u00e9chauffement dynamique et accessible \u00e0 tous. L\u2019ambiance id\u00e9ale pour lancer la journ\u00e9e !<\/p>\n<h3 data-start=\"416\" data-end=\"447\">D\u00e9parts des courses<\/h3>\n<ul data-start=\"448\" data-end=\"522\">\n<li data-start=\"448\" data-end=\"469\">\n<p data-start=\"450\" data-end=\"469\"><strong data-start=\"450\" data-end=\"459\">11h00<\/strong> \u2014 10 km<\/p>\n<\/li>\n<li data-start=\"470\" data-end=\"499\">\n<p data-start=\"472\" data-end=\"499\"><strong data-start=\"472\" data-end=\"481\">11h30<\/strong> \u2014 Semi-marathon<\/p>\n<\/li>\n<li data-start=\"500\" data-end=\"522\">\n<p data-start=\"502\" data-end=\"522\"><strong data-start=\"502\" data-end=\"511\">12h00<\/strong> \u2014 Marathon<\/p>\n<\/li>\n<\/ul>\n<p data-start=\"524\" data-end=\"682\">Les parcours vous emm\u00e8neront \u00e0 la d\u00e9couverte de Vannes et de ses alentours dans une ambiance chaleureuse, avec b\u00e9n\u00e9voles et animations tout au long du trajet.<\/p>\n<h3 data-start=\"684\" data-end=\"720\">Toute la journ\u00e9e au village<\/h3>\n<ul data-start=\"721\" data-end=\"892\">\n<li data-start=\"721\" data-end=\"770\">\n<p data-start=\"723\" data-end=\"770\">Animations musicales et ateliers pour enfants<\/p>\n<\/li>\n<li data-start=\"771\" data-end=\"822\">\n<p data-start=\"773\" data-end=\"822\">Food-trucks, stands partenaires et zone d\u00e9tente<\/p>\n<\/li>\n<li data-start=\"823\" data-end=\"859\">\n<p data-start=\"825\" data-end=\"859\">Remise des m\u00e9dailles \u00e0 l\u2019arriv\u00e9e<\/p>\n<\/li>\n<li data-start=\"860\" data-end=\"892\">\n<p data-start=\"862\" data-end=\"892\">Tirage au sort &amp; lots \u00e0 gagner<\/p>\n<\/li>\n<\/ul>\n<hr data-start=\"894\" data-end=\"897\" \/>\n<p data-start=\"899\" data-end=\"1021\"><strong data-start=\"899\" data-end=\"982\">Sport, f\u00eate et bonne humeur vous attendent \u00e0 Vannes. Ne manquez pas le d\u00e9part\u202f!<\/strong><\/p>\n<p>[\/vc_column_text][vc_btn title=\u00a0\u00bbInscrivez-vous maintenant\u00a0\u00bb style=\u00a0\u00bbflat\u00a0\u00bb color=\u00a0\u00bbblack\u00a0\u00bb align=\u00a0\u00bbcenter\u00a0\u00bb css=\u00a0\u00bb.vc_custom_1749218744392{border-color: #37EAFF !important;}\u00a0\u00bb][\/vc_column][vc_column css_animation=\u00a0\u00bbfadeIn\u00a0\u00bb width=\u00a0\u00bb1\/2&Prime;]<ul class=\"timeline\">\n\t                        <li>\n\t                            <div class=\"direction-r\">\n\t                                <div class=\"flag-wrapper\">\n\t                                    <span class=\"artist-wrapper\"><span class=\"artist\"><\/span><\/span>\n\t                                    <span class=\"flag\">9h30 - Ouverture du village <\/span>\n\t                                <\/div>\n\t                            <\/div>\n\t                        <\/li>\n\t                        <li>\n\t                            <div class=\"direction-l\">\n\t                                <div class=\"flag-wrapper\">\n\t                                    <span class=\"artist-wrapper\"><span class=\"artist\"><\/span><\/span>\n\t                                    <span class=\"flag\">10h - \u00c9chauffement collectif format danse avec des coachs sportifs.<\/span>\n\t                                <\/div>\n\t                            <\/div>\n\t                        <\/li>\n\t                        <li>\n\t                            <div class=\"direction-r\">\n\t                                <div class=\"flag-wrapper\">\n\t                                    <span class=\"artist-wrapper\"><span class=\"artist\"><\/span><\/span>\n\t                                    <span class=\"flag\">11h - D\u00e9part du 10km<\/span>\n\t                                <\/div>\n\t                            <\/div>\n\t                        <\/li>\n\t                        <li>\n\t                            <div class=\"direction-l\">\n\t                                <div class=\"flag-wrapper\">\n\t                                    <span class=\"artist-wrapper\"><span class=\"artist\"><\/span><\/span>\n\t                                    <span class=\"flag\">11h30 - D\u00e9part du Semi-Marathon <\/span>\n\t                                <\/div>\n\t                            <\/div>\n\t                        <\/li>\n\t                        <li>\n\t                            <div class=\"direction-r\">\n\t                                <div class=\"flag-wrapper\">\n\t                                    <span class=\"artist-wrapper\"><span class=\"artist\"><\/span><\/span>\n\t                                    <span class=\"flag\">12h - D\u00e9part du Marathon<\/span>\n\t                                <\/div>\n\t                            <\/div>\n\t                        <\/li>\n\t                        <li>\n\t                            <div class=\"direction-l\">\n\t                                <div class=\"flag-wrapper\">\n\t                                    <span class=\"artist-wrapper\"><span class=\"artist\"><\/span><\/span>\n\t                                    <span class=\"flag\">16h - Remise des r\u00e9compenses<\/span>\n\t                                <\/div>\n\t                            <\/div>\n\t                        <\/li><\/ul>[vc_single_image image=\u00a0\u00bb783&Prime; img_size=\u00a0\u00bb400&#215;300&Prime; alignment=\u00a0\u00bbcenter\u00a0\u00bb style=\u00a0\u00bbvc_box_shadow_3d\u00a0\u00bb css=\u00a0\u00bb\u00a0\u00bb][\/vc_column][\/vc_row][vc_row full_width=\u00a0\u00bbstretch_row\u00a0\u00bb parallax=\u00a0\u00bbcontent-moving\u00a0\u00bb parallax_image=\u00a0\u00bb834&Prime; overlay=\u00a0\u00bb0&Prime; gradient_from=\u00a0\u00bb#48526100&Prime; gradient_to=\u00a0\u00bb#43435600&Prime; css=\u00a0\u00bb.vc_custom_1749214685788{padding-top: 100px !important;padding-bottom: 100px !important;background-position: 0 0;background-repeat: no-repeat !important;}\u00a0\u00bb el_class=\u00a0\u00bbdark-bg\u00a0\u00bb][vc_column][vc_custom_heading text=\u00a0\u00bbNe manquer rien !\u00a0\u00bb font_container=\u00a0\u00bbtag:h2|font_size:50px|text_align:center|color:%23ffffff\u00a0\u00bb use_theme_fonts=\u00a0\u00bbyes\u00a0\u00bb css=\u00a0\u00bb.vc_custom_1749213816774{margin-bottom: 5px !important;}\u00a0\u00bb][vc_custom_heading text=\u00a0\u00bbAbonnez-vous \u00e0 notre newsletter pour ne manquer aucunes actualit\u00e9s.\u00a0\u00bb font_container=\u00a0\u00bbtag:h4|font_size:26px|text_align:center|color:%23FFFFFF\u00a0\u00bb use_theme_fonts=\u00a0\u00bbyes\u00a0\u00bb css=\u00a0\u00bb.vc_custom_1749213873455{margin-bottom: 50px !important;}\u00a0\u00bb font_caps=\u00a0\u00bb\u00a0\u00bb el_class=\u00a0\u00bbsection-subheading\u00a0\u00bb][vc_column_text]<script>(function() {\n\twindow.mc4wp = window.mc4wp || {\n\t\tlisteners: [],\n\t\tforms: {\n\t\t\ton: function(evt, cb) {\n\t\t\t\twindow.mc4wp.listeners.push(\n\t\t\t\t\t{\n\t\t\t\t\t\tevent   : evt,\n\t\t\t\t\t\tcallback: cb\n\t\t\t\t\t}\n\t\t\t\t);\n\t\t\t}\n\t\t}\n\t}\n})();\n<\/script><!-- Mailchimp for WordPress v4.10.4 - https:\/\/wordpress.org\/plugins\/mailchimp-for-wp\/ --><form id=\"mc4wp-form-1\" class=\"mc4wp-form mc4wp-form-578\" method=\"post\" data-id=\"578\" data-name=\"Widget newsletter\" ><div class=\"mc4wp-form-fields\"><p class=\"mc-split-form\">\n <input class=\"mc-mail-widget\" type=\"email\" name=\"EMAIL\" placeholder=\"Your email address\" required \/>\n  <span class=\"mc-btn-group\"><input class=\"mc-submit-widget\" type=\"submit\" value=\"Subscribe\" \/><\/span>\n<\/p><\/div><label style=\"display: none !important;\">Laissez ce champ vide si vous \u00eates humain\u00a0: <input type=\"text\" name=\"_mc4wp_honeypot\" value=\"\" tabindex=\"-1\" autocomplete=\"off\" \/><\/label><input type=\"hidden\" name=\"_mc4wp_timestamp\" value=\"1778936008\" \/><input type=\"hidden\" name=\"_mc4wp_form_id\" value=\"578\" \/><input type=\"hidden\" name=\"_mc4wp_form_element_id\" value=\"mc4wp-form-1\" \/><div class=\"mc4wp-response\"><\/div><\/form><!-- \/ Mailchimp for WordPress Plugin -->[\/vc_column_text][\/vc_column][\/vc_row][vc_row][vc_column css_animation=\u00a0\u00bbbounceInUp\u00a0\u00bb css=\u00a0\u00bb.vc_custom_1749213606782{background-color: #37EAFF !important;}\u00a0\u00bb][vc_column_text css=\u00a0\u00bb.vc_custom_1749215028333{background-color: #37EAFF !important;}\u00a0\u00bb]<\/p>\n<h2 style=\"text-align: center;\">NOUS RETROUVER<\/h2>\n<p>[\/vc_column_text][vc_gmaps link=\u00a0\u00bb#E-8_JTNDaWZyYW1lJTIwc3JjJTNEJTIyaHR0cHMlM0ElMkYlMkZ3d3cuZ29vZ2xlLmNvbSUyRm1hcHMlMkZlbWJlZCUzRnBiJTNEJTIxMW0xOCUyMTFtMTIlMjExbTMlMjExZDE3MTk5Mi41NDU0ODcxOTk1JTIxMmQtMy4wNDM3ODMwOTUxNDk1MDI0JTIxM2Q0Ny42NTc1NDU0MTg4OTUyJTIxMm0zJTIxMWYwJTIxMmYwJTIxM2YwJTIxM20yJTIxMWkxMDI0JTIxMmk3NjglMjE0ZjEzLjElMjEzbTMlMjExbTIlMjExczB4NDgxMDFlODRjMzdkZTI5MSUyNTNBMHhiOWYzNTgzMDdiMjMzZDEzJTIxMnNWYW5uZXMlMjE1ZTAlMjEzbTIlMjExc2ZyJTIxMnNmciUyMTR2MTc0OTIxMzUyODY0NyUyMTVtMiUyMTFzZnIlMjEyc2ZyJTIyJTIwd2lkdGglM0QlMjI2MDAlMjIlMjBoZWlnaHQlM0QlMjI0NTAlMjIlMjBzdHlsZSUzRCUyMmJvcmRlciUzQTAlM0IlMjIlMjBhbGxvd2Z1bGxzY3JlZW4lM0QlMjIlMjIlMjBsb2FkaW5nJTNEJTIybGF6eSUyMiUyMHJlZmVycmVycG9saWN5JTNEJTIybm8tcmVmZXJyZXItd2hlbi1kb3duZ3JhZGUlMjIlM0UlM0MlMkZpZnJhbWUlM0U=\u00a0\u00bb css=\u00a0\u00bb\u00a0\u00bb][\/vc_column][\/vc_row][vc_row][vc_column][\/vc_column][\/vc_row]<\/p>\n<\/div>","protected":false},"excerpt":{"rendered":"<p>[vc_row full_width=\u00a0\u00bbstretch_row\u00a0\u00bb parallax=\u00a0\u00bbcontent-moving\u00a0\u00bb parallax_image=\u00a0\u00bb784&Prime; css_animation=\u00a0\u00bbnone\u00a0\u00bb css=\u00a0\u00bb.vc_custom_1749205331029{padding-top: 100px !important;padding-bottom: 100px !important;background-position: center;background-repeat: no-repeat;background-size: cover !important;}\u00a0\u00bb el_class=\u00a0\u00bbdark-bg\u00a0\u00bb][vc_column][vc_custom_heading text=\u00a0\u00bbLES PARCOURS\u00a0\u00bb font_container=\u00a0\u00bbtag:h2|font_size:50px|text_align:center|color:%23ffffff\u00a0\u00bb use_theme_fonts=\u00a0\u00bbyes\u00a0\u00bb css=\u00a0\u00bb.vc_custom_1749204723281{margin-bottom: 5px !important;}\u00a0\u00bb][vc_custom_heading text=\u00a0\u00bbD\u00e9couvrez nos parcours adapt\u00e9s \u00e0 vos envies !\u00a0\u00bb font_container=\u00a0\u00bbtag:h3|font_size:30|text_align:center|color:%23FFFFFF\u00a0\u00bb use_theme_fonts=\u00a0\u00bbyes\u00a0\u00bb css=\u00a0\u00bb.vc_custom_1749211876880{margin-bottom: 50px !important;background-color: #FFFFFF00 !important;}\u00a0\u00bb font_caps=\u00a0\u00bb\u00a0\u00bb el_class=\u00a0\u00bbsection-subheading\u00a0\u00bb][vc_gallery type=\u00a0\u00bbimage_grid\u00a0\u00bb images=\u00a0\u00bb803,804,806&Prime; img_size=\u00a0\u00bb350&#215;220&Prime; css_animation=\u00a0\u00bbbounceInRight\u00a0\u00bb css=\u00a0\u00bb\u00a0\u00bb][\/vc_column][\/vc_row][vc_row full_width=\u00a0\u00bbstretch_row\u00a0\u00bb equal_height=\u00a0\u00bbyes\u00a0\u00bb content_placement=\u00a0\u00bbmiddle\u00a0\u00bb css=\u00a0\u00bb.vc_custom_1749212590359{padding-top: 50px !important;padding-bottom: 50px !important;background-color: #000000 !important;}\u00a0\u00bb el_class=\u00a0\u00bbdark-bg\u00a0\u00bb][vc_column [&hellip;]<\/p>\n","protected":false},"author":1,"featured_media":0,"parent":0,"menu_order":0,"comment_status":"closed","ping_status":"closed","template":"","meta":{"content-type":"","footnotes":""},"class_list":["post-606","page","type-page","status-publish","hentry"],"_links":{"self":[{"href":"https:\/\/azur.boc-projets.com\/index.php?rest_route=\/wp\/v2\/pages\/606","targetHints":{"allow":["GET"]}}],"collection":[{"href":"https:\/\/azur.boc-projets.com\/index.php?rest_route=\/wp\/v2\/pages"}],"about":[{"href":"https:\/\/azur.boc-projets.com\/index.php?rest_route=\/wp\/v2\/types\/page"}],"author":[{"embeddable":true,"href":"https:\/\/azur.boc-projets.com\/index.php?rest_route=\/wp\/v2\/users\/1"}],"replies":[{"embeddable":true,"href":"https:\/\/azur.boc-projets.com\/index.php?rest_route=%2Fwp%2Fv2%2Fcomments&post=606"}],"version-history":[{"count":61,"href":"https:\/\/azur.boc-projets.com\/index.php?rest_route=\/wp\/v2\/pages\/606\/revisions"}],"predecessor-version":[{"id":879,"href":"https:\/\/azur.boc-projets.com\/index.php?rest_route=\/wp\/v2\/pages\/606\/revisions\/879"}],"wp:attachment":[{"href":"https:\/\/azur.boc-projets.com\/index.php?rest_route=%2Fwp%2Fv2%2Fmedia&parent=606"}],"curies":[{"name":"wp","href":"https:\/\/api.w.org\/{rel}","templated":true}]}}