{"id":775,"date":"2025-06-06T11:49:45","date_gmt":"2025-06-06T09:49:45","guid":{"rendered":"https:\/\/azur.boc-projets.com\/?page_id=775"},"modified":"2025-07-15T17:20:30","modified_gmt":"2025-07-15T15:20:30","slug":"levenement","status":"publish","type":"page","link":"https:\/\/azur.boc-projets.com\/?page_id=775","title":{"rendered":"L\u2019\u00c9v\u00e8nement"},"content":{"rendered":"<div class=\"wpb-content-wrapper\"><p>[vc_row][vc_column][vc_hoverbox image=\u00a0\u00bb784&Prime; primary_title=\u00a0\u00bbD\u00e9couvrez Vannes et ses alentours ! \u00a0\u00bb hover_title=\u00a0\u00bb\u00a0\u00bb hover_background_color=\u00a0\u00bbcustom\u00a0\u00bb hover_custom_background=\u00a0\u00bb#FFFFFF\u00a0\u00bb]<\/p>\n<h6 style=\"text-align: center;\"><strong>Gr\u00e2ce aux diff\u00e9rents parcours, vous pourrez d\u00e9couvrir les diff\u00e9rents paysage du pays de Vannes et ses alentours.<\/strong><\/h6>\n<p>&nbsp;[\/vc_hoverbox][vc_separator border_width=\u00a0\u00bb2&Prime; css=\u00a0\u00bb\u00a0\u00bb][\/vc_column][\/vc_row][vc_row][vc_column][vc_single_image image=\u00a0\u00bb883&Prime; img_size=\u00a0\u00bb1300&#215;400&Prime; css=\u00a0\u00bb\u00a0\u00bb][vc_separator border_width=\u00a0\u00bb2&Prime; css=\u00a0\u00bb\u00a0\u00bb][\/vc_column][\/vc_row][vc_row][vc_column][vc_single_image image=\u00a0\u00bb884&Prime; img_size=\u00a0\u00bb1300&#215;400&Prime; css=\u00a0\u00bb\u00a0\u00bb][vc_separator border_width=\u00a0\u00bb2&Prime; css=\u00a0\u00bb\u00a0\u00bb][\/vc_column][\/vc_row][vc_row][vc_column][vc_single_image image=\u00a0\u00bb885&Prime; img_size=\u00a0\u00bb1300&#215;400&Prime; css=\u00a0\u00bb\u00a0\u00bb][\/vc_column][\/vc_row][vc_row][vc_column][vc_separator border_width=\u00a0\u00bb2&Prime; css=\u00a0\u00bb\u00a0\u00bb][\/vc_column][\/vc_row][vc_row][vc_column][vc_btn title=\u00a0\u00bbInscription\u00a0\u00bb color=\u00a0\u00bbturquoise\u00a0\u00bb size=\u00a0\u00bblg\u00a0\u00bb align=\u00a0\u00bbcenter\u00a0\u00bb css=\u00a0\u00bb\u00a0\u00bb link=\u00a0\u00bburl:https%3A%2F%2Fazur.boc-projets.com%2F%3Fpage_id%3D53&Prime;][\/vc_column][\/vc_row]<\/p>\n<\/div>","protected":false},"excerpt":{"rendered":"<p>[vc_row][vc_column][vc_hoverbox image=\u00a0\u00bb784&Prime; primary_title=\u00a0\u00bbD\u00e9couvrez Vannes et ses alentours ! \u00a0\u00bb hover_title=\u00a0\u00bb\u00a0\u00bb hover_background_color=\u00a0\u00bbcustom\u00a0\u00bb hover_custom_background=\u00a0\u00bb#FFFFFF\u00a0\u00bb] Gr\u00e2ce aux diff\u00e9rents parcours, vous pourrez d\u00e9couvrir les diff\u00e9rents paysage du pays de Vannes et ses alentours. &nbsp;[\/vc_hoverbox][vc_separator border_width=\u00a0\u00bb2&Prime; css=\u00a0\u00bb\u00a0\u00bb][\/vc_column][\/vc_row][vc_row][vc_column][vc_single_image image=\u00a0\u00bb883&Prime; img_size=\u00a0\u00bb1300&#215;400&Prime; css=\u00a0\u00bb\u00a0\u00bb][vc_separator border_width=\u00a0\u00bb2&Prime; css=\u00a0\u00bb\u00a0\u00bb][\/vc_column][\/vc_row][vc_row][vc_column][vc_single_image image=\u00a0\u00bb884&Prime; img_size=\u00a0\u00bb1300&#215;400&Prime; css=\u00a0\u00bb\u00a0\u00bb][vc_separator border_width=\u00a0\u00bb2&Prime; css=\u00a0\u00bb\u00a0\u00bb][\/vc_column][\/vc_row][vc_row][vc_column][vc_single_image image=\u00a0\u00bb885&Prime; img_size=\u00a0\u00bb1300&#215;400&Prime; css=\u00a0\u00bb\u00a0\u00bb][\/vc_column][\/vc_row][vc_row][vc_column][vc_separator border_width=\u00a0\u00bb2&Prime; css=\u00a0\u00bb\u00a0\u00bb][\/vc_column][\/vc_row][vc_row][vc_column][vc_btn title=\u00a0\u00bbInscription\u00a0\u00bb color=\u00a0\u00bbturquoise\u00a0\u00bb size=\u00a0\u00bblg\u00a0\u00bb align=\u00a0\u00bbcenter\u00a0\u00bb css=\u00a0\u00bb\u00a0\u00bb link=\u00a0\u00bburl:https%3A%2F%2Fazur.boc-projets.com%2F%3Fpage_id%3D53&Prime;][\/vc_column][\/vc_row]<\/p>\n","protected":false},"author":2,"featured_media":0,"parent":0,"menu_order":0,"comment_status":"closed","ping_status":"closed","template":"","meta":{"content-type":"","footnotes":""},"class_list":["post-775","page","type-page","status-publish","hentry"],"_links":{"self":[{"href":"https:\/\/azur.boc-projets.com\/index.php?rest_route=\/wp\/v2\/pages\/775","targetHints":{"allow":["GET"]}}],"collection":[{"href":"https:\/\/azur.boc-projets.com\/index.php?rest_route=\/wp\/v2\/pages"}],"about":[{"href":"https:\/\/azur.boc-projets.com\/index.php?rest_route=\/wp\/v2\/types\/page"}],"author":[{"embeddable":true,"href":"https:\/\/azur.boc-projets.com\/index.php?rest_route=\/wp\/v2\/users\/2"}],"replies":[{"embeddable":true,"href":"https:\/\/azur.boc-projets.com\/index.php?rest_route=%2Fwp%2Fv2%2Fcomments&post=775"}],"version-history":[{"count":5,"href":"https:\/\/azur.boc-projets.com\/index.php?rest_route=\/wp\/v2\/pages\/775\/revisions"}],"predecessor-version":[{"id":887,"href":"https:\/\/azur.boc-projets.com\/index.php?rest_route=\/wp\/v2\/pages\/775\/revisions\/887"}],"wp:attachment":[{"href":"https:\/\/azur.boc-projets.com\/index.php?rest_route=%2Fwp%2Fv2%2Fmedia&parent=775"}],"curies":[{"name":"wp","href":"https:\/\/api.w.org\/{rel}","templated":true}]}}